{"id":2185,"date":"2022-12-15T12:08:39","date_gmt":"2022-12-15T12:08:39","guid":{"rendered":"https:\/\/www.campingfuente.com\/camping\/"},"modified":"2023-02-23T10:39:04","modified_gmt":"2023-02-23T10:39:04","slug":"camping","status":"publish","type":"page","link":"https:\/\/www.campingfuente.com\/fr\/camping\/","title":{"rendered":"Camping"},"content":{"rendered":"\t\t<div data-elementor-type=\"wp-page\" data-elementor-id=\"2185\" class=\"elementor elementor-2185\">\n\t\t\t\t\t\t<section class=\"has_eae_slider has_ae_slider elementor-section elementor-top-section elementor-element elementor-element-ec89baa elementor-section-boxed elementor-section-height-default elementor-section-height-default ae-bg-gallery-type-default\" data-eae-slider=\"60873\" data-id=\"ec89baa\" data-element_type=\"section\" data-settings=\"{&quot;background_background&quot;:&quot;classic&quot;}\">\n\t\t\t\t\t\t\t<div class=\"elementor-background-overlay\"><\/div>\n\t\t\t\t\t\t\t<div class=\"elementor-container elementor-column-gap-no\">\n\t\t\t\t\t<div class=\"has_eae_slider has_ae_slider elementor-column elementor-col-100 elementor-top-column elementor-element elementor-element-c522653 ae-bg-gallery-type-default\" data-eae-slider=\"16594\" data-id=\"c522653\" data-element_type=\"column\">\n\t\t\t<div class=\"elementor-widget-wrap elementor-element-populated\">\n\t\t\t\t\t\t<div class=\"elementor-element elementor-element-8193314 elementor-widget elementor-widget-heading\" data-id=\"8193314\" data-element_type=\"widget\" data-widget_type=\"heading.default\">\n\t\t\t\t<div class=\"elementor-widget-container\">\n\t\t\t\t\t<h1 class=\"elementor-heading-title elementor-size-default\">Camping<\/h1>\t\t\t\t<\/div>\n\t\t\t\t<\/div>\n\t\t\t\t\t<\/div>\n\t\t<\/div>\n\t\t\t\t\t<\/div>\n\t\t<\/section>\n\t\t\t\t<section class=\"has_eae_slider has_ae_slider elementor-section elementor-top-section elementor-element elementor-element-e7213f6 elementor-section-boxed elementor-section-height-default elementor-section-height-default ae-bg-gallery-type-default\" data-eae-slider=\"94492\" data-id=\"e7213f6\" data-element_type=\"section\" data-settings=\"{&quot;background_background&quot;:&quot;classic&quot;}\">\n\t\t\t\t\t\t<div class=\"elementor-container elementor-column-gap-no\">\n\t\t\t\t\t<div class=\"has_eae_slider has_ae_slider elementor-column elementor-col-100 elementor-top-column elementor-element elementor-element-86fe552 ae-bg-gallery-type-default\" data-eae-slider=\"55319\" data-id=\"86fe552\" data-element_type=\"column\">\n\t\t\t<div class=\"elementor-widget-wrap elementor-element-populated\">\n\t\t\t\t\t\t<section class=\"has_eae_slider has_ae_slider elementor-section elementor-inner-section elementor-element elementor-element-3e129d8 elementor-section-boxed elementor-section-height-default elementor-section-height-default ae-bg-gallery-type-default\" data-eae-slider=\"85657\" data-id=\"3e129d8\" data-element_type=\"section\">\n\t\t\t\t\t\t<div class=\"elementor-container elementor-column-gap-no\">\n\t\t\t\t\t<div class=\"has_eae_slider has_ae_slider elementor-column elementor-col-33 elementor-inner-column elementor-element elementor-element-f6b875d ae-bg-gallery-type-default\" data-eae-slider=\"50993\" data-id=\"f6b875d\" data-element_type=\"column\">\n\t\t\t<div class=\"elementor-widget-wrap elementor-element-populated\">\n\t\t\t\t\t\t<div class=\"elementor-element elementor-element-e91a76e elementor-position-left elementor-view-default elementor-mobile-position-top elementor-widget elementor-widget-icon-box\" data-id=\"e91a76e\" data-element_type=\"widget\" data-widget_type=\"icon-box.default\">\n\t\t\t\t<div class=\"elementor-widget-container\">\n\t\t\t\t\t\t\t<div class=\"elementor-icon-box-wrapper\">\n\n\t\t\t\t\t\t<div class=\"elementor-icon-box-icon\">\n\t\t\t\t<span  class=\"elementor-icon\">\n\t\t\t\t<i aria-hidden=\"true\" class=\"fas fa-clock\"><\/i>\t\t\t\t<\/span>\n\t\t\t<\/div>\n\t\t\t\n\t\t\t\t\t\t<div class=\"elementor-icon-box-content\">\n\n\t\t\t\t\t\t\t\t\t<h6 class=\"elementor-icon-box-title\">\n\t\t\t\t\t\t<span  >\n\t\t\t\t\t\t\tArriv\u00e9e\t\t\t\t\t\t<\/span>\n\t\t\t\t\t<\/h6>\n\t\t\t\t\n\t\t\t\t\t\t\t\t\t<p class=\"elementor-icon-box-description\">\n\t\t\t\t\t\t12:30h\t\t\t\t\t<\/p>\n\t\t\t\t\n\t\t\t<\/div>\n\t\t\t\n\t\t<\/div>\n\t\t\t\t\t\t<\/div>\n\t\t\t\t<\/div>\n\t\t\t\t<div class=\"elementor-element elementor-element-cb6379a elementor-position-left elementor-view-default elementor-mobile-position-top elementor-widget elementor-widget-icon-box\" data-id=\"cb6379a\" data-element_type=\"widget\" data-widget_type=\"icon-box.default\">\n\t\t\t\t<div class=\"elementor-widget-container\">\n\t\t\t\t\t\t\t<div class=\"elementor-icon-box-wrapper\">\n\n\t\t\t\t\t\t<div class=\"elementor-icon-box-icon\">\n\t\t\t\t<span  class=\"elementor-icon\">\n\t\t\t\t<i aria-hidden=\"true\" class=\"far fa-clock\"><\/i>\t\t\t\t<\/span>\n\t\t\t<\/div>\n\t\t\t\n\t\t\t\t\t\t<div class=\"elementor-icon-box-content\">\n\n\t\t\t\t\t\t\t\t\t<h6 class=\"elementor-icon-box-title\">\n\t\t\t\t\t\t<span  >\n\t\t\t\t\t\t\tDepart\t\t\t\t\t\t<\/span>\n\t\t\t\t\t<\/h6>\n\t\t\t\t\n\t\t\t\t\t\t\t\t\t<p class=\"elementor-icon-box-description\">\n\t\t\t\t\t\t12:00h\t\t\t\t\t<\/p>\n\t\t\t\t\n\t\t\t<\/div>\n\t\t\t\n\t\t<\/div>\n\t\t\t\t\t\t<\/div>\n\t\t\t\t<\/div>\n\t\t\t\t\t<\/div>\n\t\t<\/div>\n\t\t\t\t<div class=\"has_eae_slider has_ae_slider elementor-column elementor-col-33 elementor-inner-column elementor-element elementor-element-3bb6183 ae-bg-gallery-type-default\" data-eae-slider=\"54325\" data-id=\"3bb6183\" data-element_type=\"column\">\n\t\t\t<div class=\"elementor-widget-wrap elementor-element-populated\">\n\t\t\t\t\t\t<div class=\"elementor-element elementor-element-c5e7d66 elementor-position-left elementor-view-default elementor-mobile-position-top elementor-widget elementor-widget-icon-box\" data-id=\"c5e7d66\" data-element_type=\"widget\" data-widget_type=\"icon-box.default\">\n\t\t\t\t<div class=\"elementor-widget-container\">\n\t\t\t\t\t\t\t<div class=\"elementor-icon-box-wrapper\">\n\n\t\t\t\t\t\t<div class=\"elementor-icon-box-icon\">\n\t\t\t\t<span  class=\"elementor-icon\">\n\t\t\t\t<i aria-hidden=\"true\" class=\"fas fa-swimming-pool\"><\/i>\t\t\t\t<\/span>\n\t\t\t<\/div>\n\t\t\t\n\t\t\t\t\t\t<div class=\"elementor-icon-box-content\">\n\n\t\t\t\t\t\t\t\t\t<h6 class=\"elementor-icon-box-title\">\n\t\t\t\t\t\t<span  >\n\t\t\t\t\t\t\tPOSSIBILITE D'INCLURE LE SPA TOUT LE SEJOUR.\t\t\t\t\t\t<\/span>\n\t\t\t\t\t<\/h6>\n\t\t\t\t\n\t\t\t\t\n\t\t\t<\/div>\n\t\t\t\n\t\t<\/div>\n\t\t\t\t\t\t<\/div>\n\t\t\t\t<\/div>\n\t\t\t\t<div class=\"elementor-element elementor-element-c5f7927 elementor-position-left elementor-view-default elementor-mobile-position-top elementor-widget elementor-widget-icon-box\" data-id=\"c5f7927\" data-element_type=\"widget\" data-widget_type=\"icon-box.default\">\n\t\t\t\t<div class=\"elementor-widget-container\">\n\t\t\t\t\t\t\t<div class=\"elementor-icon-box-wrapper\">\n\n\t\t\t\t\t\t<div class=\"elementor-icon-box-icon\">\n\t\t\t\t<span  class=\"elementor-icon\">\n\t\t\t\t<i aria-hidden=\"true\" class=\"fas fa-basketball-ball\"><\/i>\t\t\t\t<\/span>\n\t\t\t<\/div>\n\t\t\t\n\t\t\t\t\t\t<div class=\"elementor-icon-box-content\">\n\n\t\t\t\t\t\t\t\t\t<h6 class=\"elementor-icon-box-title\">\n\t\t\t\t\t\t<span  >\n\t\t\t\t\t\t\tACC\u00c8S AUX TERRAINS SPORTIFS INCLUS\t\t\t\t\t\t<\/span>\n\t\t\t\t\t<\/h6>\n\t\t\t\t\n\t\t\t\t\n\t\t\t<\/div>\n\t\t\t\n\t\t<\/div>\n\t\t\t\t\t\t<\/div>\n\t\t\t\t<\/div>\n\t\t\t\t\t<\/div>\n\t\t<\/div>\n\t\t\t\t<div class=\"has_eae_slider has_ae_slider elementor-column elementor-col-33 elementor-inner-column elementor-element elementor-element-ea1d13d ae-bg-gallery-type-default\" data-eae-slider=\"58699\" data-id=\"ea1d13d\" data-element_type=\"column\">\n\t\t\t<div class=\"elementor-widget-wrap elementor-element-populated\">\n\t\t\t\t\t\t<div class=\"elementor-element elementor-element-d4081bf elementor-position-left elementor-widget-mobile__width-initial elementor-view-default elementor-mobile-position-top elementor-widget elementor-widget-icon-box\" data-id=\"d4081bf\" data-element_type=\"widget\" data-widget_type=\"icon-box.default\">\n\t\t\t\t<div class=\"elementor-widget-container\">\n\t\t\t\t\t\t\t<div class=\"elementor-icon-box-wrapper\">\n\n\t\t\t\t\t\t<div class=\"elementor-icon-box-icon\">\n\t\t\t\t<span  class=\"elementor-icon\">\n\t\t\t\t<i aria-hidden=\"true\" class=\"fas fa-wifi\"><\/i>\t\t\t\t<\/span>\n\t\t\t<\/div>\n\t\t\t\n\t\t\t\t\t\t<div class=\"elementor-icon-box-content\">\n\n\t\t\t\t\t\t\t\t\t<h6 class=\"elementor-icon-box-title\">\n\t\t\t\t\t\t<span  >\n\t\t\t\t\t\t\twi-fi gratUIT\t\t\t\t\t\t<\/span>\n\t\t\t\t\t<\/h6>\n\t\t\t\t\n\t\t\t\t\t\t\t\t\t<p class=\"elementor-icon-box-description\">\n\t\t\t\t\t\tDans toutes les installations\t\t\t\t\t<\/p>\n\t\t\t\t\n\t\t\t<\/div>\n\t\t\t\n\t\t<\/div>\n\t\t\t\t\t\t<\/div>\n\t\t\t\t<\/div>\n\t\t\t\t<div class=\"elementor-element elementor-element-b01c491 elementor-position-left elementor-widget-mobile__width-initial elementor-view-default elementor-mobile-position-top elementor-widget elementor-widget-icon-box\" data-id=\"b01c491\" data-element_type=\"widget\" data-widget_type=\"icon-box.default\">\n\t\t\t\t<div class=\"elementor-widget-container\">\n\t\t\t\t\t\t\t<div class=\"elementor-icon-box-wrapper\">\n\n\t\t\t\t\t\t<div class=\"elementor-icon-box-icon\">\n\t\t\t\t<span  class=\"elementor-icon\">\n\t\t\t\t<i aria-hidden=\"true\" class=\"fas fa-dog\"><\/i>\t\t\t\t<\/span>\n\t\t\t<\/div>\n\t\t\t\n\t\t\t\t\t\t<div class=\"elementor-icon-box-content\">\n\n\t\t\t\t\t\t\t\t\t<h6 class=\"elementor-icon-box-title\">\n\t\t\t\t\t\t<span  >\n\t\t\t\t\t\t\tANIMAUX DOMESTIQUES\t\t\t\t\t\t<\/span>\n\t\t\t\t\t<\/h6>\n\t\t\t\t\n\t\t\t\t\t\t\t\t\t<p class=\"elementor-icon-box-description\">\n\t\t\t\t\t\tAutoris\u00e9s\t\t\t\t\t<\/p>\n\t\t\t\t\n\t\t\t<\/div>\n\t\t\t\n\t\t<\/div>\n\t\t\t\t\t\t<\/div>\n\t\t\t\t<\/div>\n\t\t\t\t\t<\/div>\n\t\t<\/div>\n\t\t\t\t\t<\/div>\n\t\t<\/section>\n\t\t\t\t\t<\/div>\n\t\t<\/div>\n\t\t\t\t\t<\/div>\n\t\t<\/section>\n\t\t\t\t<section class=\"has_eae_slider has_ae_slider elementor-section elementor-top-section elementor-element elementor-element-145dec3 elementor-section-boxed elementor-section-height-default elementor-section-height-default ae-bg-gallery-type-default\" data-eae-slider=\"70931\" data-id=\"145dec3\" data-element_type=\"section\">\n\t\t\t\t\t\t<div class=\"elementor-container elementor-column-gap-no\">\n\t\t\t\t\t<div class=\"has_eae_slider has_ae_slider elementor-column elementor-col-100 elementor-top-column elementor-element elementor-element-454c73a ae-bg-gallery-type-default\" data-eae-slider=\"25540\" data-id=\"454c73a\" data-element_type=\"column\">\n\t\t\t<div class=\"elementor-widget-wrap elementor-element-populated\">\n\t\t\t\t\t\t<section class=\"has_eae_slider has_ae_slider elementor-section elementor-inner-section elementor-element elementor-element-b48c2ba elementor-section-boxed elementor-section-height-default elementor-section-height-default ae-bg-gallery-type-default\" data-eae-slider=\"10518\" data-id=\"b48c2ba\" data-element_type=\"section\">\n\t\t\t\t\t\t<div class=\"elementor-container elementor-column-gap-no\">\n\t\t\t\t\t<div class=\"has_eae_slider has_ae_slider elementor-column elementor-col-50 elementor-inner-column elementor-element elementor-element-84e24f5 ae-bg-gallery-type-default\" data-eae-slider=\"98461\" data-id=\"84e24f5\" data-element_type=\"column\">\n\t\t\t<div class=\"elementor-widget-wrap elementor-element-populated\">\n\t\t\t\t\t\t<div class=\"elementor-element elementor-element-66eef75 elementor-position-top elementor-widget elementor-widget-image-box\" data-id=\"66eef75\" data-element_type=\"widget\" data-widget_type=\"image-box.default\">\n\t\t\t\t<div class=\"elementor-widget-container\">\n\t\t\t\t\t<div class=\"elementor-image-box-wrapper\"><figure class=\"elementor-image-box-img\"><img fetchpriority=\"high\" decoding=\"async\" width=\"2560\" height=\"1920\" src=\"https:\/\/www.campingfuente.com\/wp-content\/uploads\/2022\/12\/6461B8A1-B4A6-4D1F-BC03-729F2F1BC95D-scaled.jpg\" class=\"attachment-full size-full wp-image-2003\" alt=\"\" srcset=\"https:\/\/www.campingfuente.com\/wp-content\/uploads\/2022\/12\/6461B8A1-B4A6-4D1F-BC03-729F2F1BC95D-scaled.jpg 2560w, https:\/\/www.campingfuente.com\/wp-content\/uploads\/2022\/12\/6461B8A1-B4A6-4D1F-BC03-729F2F1BC95D-300x225.jpg 300w, https:\/\/www.campingfuente.com\/wp-content\/uploads\/2022\/12\/6461B8A1-B4A6-4D1F-BC03-729F2F1BC95D-1024x768.jpg 1024w, https:\/\/www.campingfuente.com\/wp-content\/uploads\/2022\/12\/6461B8A1-B4A6-4D1F-BC03-729F2F1BC95D-768x576.jpg 768w, https:\/\/www.campingfuente.com\/wp-content\/uploads\/2022\/12\/6461B8A1-B4A6-4D1F-BC03-729F2F1BC95D-1536x1152.jpg 1536w, https:\/\/www.campingfuente.com\/wp-content\/uploads\/2022\/12\/6461B8A1-B4A6-4D1F-BC03-729F2F1BC95D-2048x1536.jpg 2048w\" sizes=\"(max-width: 2560px) 100vw, 2560px\" \/><\/figure><div class=\"elementor-image-box-content\"><h5 class=\"elementor-image-box-title\">Emplacement de camping avec cabinet de toillette individuel<span style=\"color: var(--ast-global-color-2); font-size: 1.17647rem; font-style: inherit; background-color: var(--ast-global-color-4);\"><\/span><br><\/h5><p class=\"elementor-image-box-description\"><div style=\"text-align: justify;\"><font color=\"#777777\" face=\"verdana, geneva, sans-serif\"><span style=\"font-size: 14px; white-space: normal;\">Parcelles d'environ 70 m\u00b2. Elles disposent de toilettes individuelles avec une cl\u00e9 pour les occupants. Les toilettes sont \u00e9quip\u00e9es d'un WC, d'un lavabo, d'un chauffe-eau et d'une douche. Ils disposent d'un point de connexion \u00e9lectrique (220 V et 16 AMP). Les parcelles disposent d'une prise d'antenne de t\u00e9l\u00e9vision. Le prix de la parcelle comprend une caravane ou une tente plus une voiture.<\/span><\/font><\/div><span style=\"background-color: var(--ast-global-color-4);\"><div style=\"text-align: justify;\"><span style=\"background-color: var(--ast-global-color-4); font-size: 14px; white-space: normal;\"><font color=\"#777777\" face=\"verdana, geneva, sans-serif\">Les parcelles sont ombrag\u00e9es pendant les mois de juin, juillet et ao\u00fbt.<\/font><\/span><span style=\"font-style: inherit; font-weight: inherit; text-align: left; background-color: var(--ast-global-color-4); color: var(--ast-global-color-3);\"><\/span><\/div><\/span><\/p><\/div><\/div>\t\t\t\t<\/div>\n\t\t\t\t<\/div>\n\t\t\t\t\t<\/div>\n\t\t<\/div>\n\t\t\t\t<div class=\"has_eae_slider has_ae_slider elementor-column elementor-col-50 elementor-inner-column elementor-element elementor-element-ac6e0b5 ae-bg-gallery-type-default\" data-eae-slider=\"38861\" data-id=\"ac6e0b5\" data-element_type=\"column\">\n\t\t\t<div class=\"elementor-widget-wrap elementor-element-populated\">\n\t\t\t\t\t\t<div class=\"elementor-element elementor-element-fb18f67 elementor-position-top elementor-widget elementor-widget-image-box\" data-id=\"fb18f67\" data-element_type=\"widget\" data-widget_type=\"image-box.default\">\n\t\t\t\t<div class=\"elementor-widget-container\">\n\t\t\t\t\t<div class=\"elementor-image-box-wrapper\"><figure class=\"elementor-image-box-img\"><img decoding=\"async\" width=\"833\" height=\"554\" src=\"https:\/\/www.campingfuente.com\/wp-content\/uploads\/2022\/12\/chrome_upWiHeXRtI-1.png\" class=\"attachment-full size-full wp-image-2005\" alt=\"\" srcset=\"https:\/\/www.campingfuente.com\/wp-content\/uploads\/2022\/12\/chrome_upWiHeXRtI-1.png 833w, https:\/\/www.campingfuente.com\/wp-content\/uploads\/2022\/12\/chrome_upWiHeXRtI-1-300x200.png 300w, https:\/\/www.campingfuente.com\/wp-content\/uploads\/2022\/12\/chrome_upWiHeXRtI-1-768x511.png 768w\" sizes=\"(max-width: 833px) 100vw, 833px\" \/><\/figure><div class=\"elementor-image-box-content\"><h5 class=\"elementor-image-box-title\"><span style=\"font-size: 20px;\">Emplacement de camping avec sanitaire collectif<\/span><\/h5><p class=\"elementor-image-box-description\"><div style=\"text-align: justify;\"><font color=\"#777777\" face=\"verdana, geneva, sans-serif\"><span style=\"font-size: 14px; white-space: normal;\">Parcelles d'environ 70 m\u00b2. Elles disposent de toilettes collectives. La plupart des parcelles disposent d'un branchement pour les eaux us\u00e9es, ainsi que d'un robinet d'eau potable.<\/span><\/font><\/div><div style=\"text-align: justify;\"><font color=\"#777777\" face=\"verdana, geneva, sans-serif\"><span style=\"font-size: 14px; white-space: normal;\">Le prix de la parcelle comprend une caravane ou une tente plus une voiture. Elle dispose d'un point de connexion \u00e9lectrique (220 V et 16 AMP).<\/span><\/font><\/div><div style=\"text-align: justify;\"><font color=\"#777777\" face=\"verdana, geneva, sans-serif\"><span style=\"font-size: 14px; white-space: normal;\"><\/span><\/font><\/div><span style=\"background-color: var(--ast-global-color-4);\"><div style=\"text-align: justify;\"><span style=\"background-color: var(--ast-global-color-4); font-size: 14px; white-space: normal;\"><font color=\"#777777\" face=\"verdana, geneva, sans-serif\">Nous avons des toilettes adapt\u00e9es pour les handicap\u00e9s \u00e0 usage collectif.<\/font><\/span><span style=\"font-style: inherit; font-weight: inherit; text-align: left; background-color: var(--ast-global-color-4); color: var(--ast-global-color-3);\"><\/span><\/div><\/span><\/p><\/div><\/div>\t\t\t\t<\/div>\n\t\t\t\t<\/div>\n\t\t\t\t\t<\/div>\n\t\t<\/div>\n\t\t\t\t\t<\/div>\n\t\t<\/section>\n\t\t\t\t<div class=\"elementor-element elementor-element-c8a29ca elementor-widget elementor-widget-text-editor\" data-id=\"c8a29ca\" data-element_type=\"widget\" data-widget_type=\"text-editor.default\">\n\t\t\t\t<div class=\"elementor-widget-container\">\n\t\t\t\t\t\t\t\t\t<p style=\"text-align: center;\"><a href=\"https:\/\/drive.google.com\/file\/d\/1tUY6MwkSJAa5FQ4x-FJhpD3ZPjPx8woH\/view\"><span style=\"text-decoration: underline; color: #3366ff;\"><strong>LISTE DE PRIX<\/strong><\/span><\/a><\/p>\t\t\t\t\t\t\t\t<\/div>\n\t\t\t\t<\/div>\n\t\t\t\t<div class=\"elementor-element elementor-element-cb823d4 elementor-align-center elementor-widget elementor-widget-button\" data-id=\"cb823d4\" data-element_type=\"widget\" data-widget_type=\"button.default\">\n\t\t\t\t<div class=\"elementor-widget-container\">\n\t\t\t\t\t\t\t\t\t<div class=\"elementor-button-wrapper\">\n\t\t\t\t\t<a class=\"elementor-button elementor-button-link elementor-size-sm\" href=\"https:\/\/thelisresa.webcamp.fr\/list.php?begin=2022-12-18&#038;end=2022-12-25&#038;type=1&#038;camping=fuente&#038;lang=es&#038;PHPSESSID=5oiok63i641ub1esis3ktppulm&#038;nb_pers=2&#038;duration=7\">\n\t\t\t\t\t\t<span class=\"elementor-button-content-wrapper\">\n\t\t\t\t\t\t\t\t\t<span class=\"elementor-button-text\">Reserver<\/span>\n\t\t\t\t\t<\/span>\n\t\t\t\t\t<\/a>\n\t\t\t\t<\/div>\n\t\t\t\t\t\t\t\t<\/div>\n\t\t\t\t<\/div>\n\t\t\t\t\t<\/div>\n\t\t<\/div>\n\t\t\t\t\t<\/div>\n\t\t<\/section>\n\t\t\t\t<section class=\"has_eae_slider has_ae_slider elementor-section elementor-top-section elementor-element elementor-element-1070bba elementor-section-boxed elementor-section-height-default elementor-section-height-default ae-bg-gallery-type-default\" data-eae-slider=\"13336\" data-id=\"1070bba\" data-element_type=\"section\">\n\t\t\t\t\t\t<div class=\"elementor-container elementor-column-gap-default\">\n\t\t\t\t\t<div class=\"has_eae_slider has_ae_slider elementor-column elementor-col-100 elementor-top-column elementor-element elementor-element-13fb6de ae-bg-gallery-type-default\" data-eae-slider=\"19795\" data-id=\"13fb6de\" data-element_type=\"column\">\n\t\t\t<div class=\"elementor-widget-wrap elementor-element-populated\">\n\t\t\t\t\t\t<div class=\"elementor-element elementor-element-38e012fb elementor-widget elementor-widget-heading\" data-id=\"38e012fb\" data-element_type=\"widget\" data-widget_type=\"heading.default\">\n\t\t\t\t<div class=\"elementor-widget-container\">\n\t\t\t\t\t<h2 class=\"elementor-heading-title elementor-size-default\">PLAN DU CAMPING<\/h2>\t\t\t\t<\/div>\n\t\t\t\t<\/div>\n\t\t\t\t<div class=\"elementor-element elementor-element-4677edb3 elementor-widget elementor-widget-image\" data-id=\"4677edb3\" data-element_type=\"widget\" data-widget_type=\"image.default\">\n\t\t\t\t<div class=\"elementor-widget-container\">\n\t\t\t\t\t\t\t\t\t\t\t\t\t\t\t<img decoding=\"async\" width=\"1024\" height=\"724\" src=\"https:\/\/www.campingfuente.com\/wp-content\/uploads\/2023\/01\/Plano-web-1024x724.gif\" class=\"attachment-large size-large wp-image-3823\" alt=\"\" srcset=\"https:\/\/www.campingfuente.com\/wp-content\/uploads\/2023\/01\/Plano-web-1024x724.gif 1024w, https:\/\/www.campingfuente.com\/wp-content\/uploads\/2023\/01\/Plano-web-300x212.gif 300w, https:\/\/www.campingfuente.com\/wp-content\/uploads\/2023\/01\/Plano-web-768x543.gif 768w, https:\/\/www.campingfuente.com\/wp-content\/uploads\/2023\/01\/Plano-web-1536x1087.gif 1536w\" sizes=\"(max-width: 1024px) 100vw, 1024px\" \/>\t\t\t\t\t\t\t\t\t\t\t\t\t\t\t<\/div>\n\t\t\t\t<\/div>\n\t\t\t\t\t<\/div>\n\t\t<\/div>\n\t\t\t\t\t<\/div>\n\t\t<\/section>\n\t\t\t\t<\/div>\n\t\t","protected":false},"excerpt":{"rendered":"<p>Camping Arriv\u00e9e 12:30h Depart 12:00h POSSIBILITE D&rsquo;INCLURE LE SPA TOUT LE SEJOUR. ACC\u00c8S AUX TERRAINS SPORTIFS INCLUS wi-fi gratUIT Dans toutes les installations ANIMAUX DOMESTIQUES Autoris\u00e9s Emplacement de camping avec cabinet de toillette individuel Parcelles d&rsquo;environ 70 m\u00b2. Elles disposent de toilettes individuelles avec une cl\u00e9 pour les occupants. Les toilettes sont \u00e9quip\u00e9es d&rsquo;un WC, [&hellip;]<\/p>\n","protected":false},"author":1,"featured_media":0,"parent":0,"menu_order":0,"comment_status":"closed","ping_status":"closed","template":"","meta":{"site-sidebar-layout":"no-sidebar","site-content-layout":"page-builder","ast-site-content-layout":"","site-content-style":"default","site-sidebar-style":"default","ast-global-header-display":"","ast-banner-title-visibility":"","ast-main-header-display":"","ast-hfb-above-header-display":"","ast-hfb-below-header-display":"","ast-hfb-mobile-header-display":"","site-post-title":"disabled","ast-breadcrumbs-content":"disabled","ast-featured-img":"disabled","footer-sml-layout":"","theme-transparent-header-meta":"enabled","adv-header-id-meta":"","stick-header-meta":"","header-above-stick-meta":"","header-main-stick-meta":"","header-below-stick-meta":"","astra-migrate-meta-layouts":"default","ast-page-background-enabled":"default","ast-page-background-meta":{"desktop":{"background-color":"","background-image":"","background-repeat":"repeat","background-position":"center center","background-size":"auto","background-attachment":"scroll","background-type":"","background-media":"","overlay-type":"","overlay-color":"","overlay-opacity":"","overlay-gradient":""},"tablet":{"background-color":"","background-image":"","background-repeat":"repeat","background-position":"center center","background-size":"auto","background-attachment":"scroll","background-type":"","background-media":"","overlay-type":"","overlay-color":"","overlay-opacity":"","overlay-gradient":""},"mobile":{"background-color":"","background-image":"","background-repeat":"repeat","background-position":"center center","background-size":"auto","background-attachment":"scroll","background-type":"","background-media":"","overlay-type":"","overlay-color":"","overlay-opacity":"","overlay-gradient":""}},"ast-content-background-meta":{"desktop":{"background-color":"var(--ast-global-color-5)","background-image":"","background-repeat":"repeat","background-position":"center center","background-size":"auto","background-attachment":"scroll","background-type":"","background-media":"","overlay-type":"","overlay-color":"","overlay-opacity":"","overlay-gradient":""},"tablet":{"background-color":"var(--ast-global-color-5)","background-image":"","background-repeat":"repeat","background-position":"center center","background-size":"auto","background-attachment":"scroll","background-type":"","background-media":"","overlay-type":"","overlay-color":"","overlay-opacity":"","overlay-gradient":""},"mobile":{"background-color":"var(--ast-global-color-5)","background-image":"","background-repeat":"repeat","background-position":"center center","background-size":"auto","background-attachment":"scroll","background-type":"","background-media":"","overlay-type":"","overlay-color":"","overlay-opacity":"","overlay-gradient":""}},"footnotes":""},"class_list":["post-2185","page","type-page","status-publish","hentry"],"_links":{"self":[{"href":"https:\/\/www.campingfuente.com\/fr\/wp-json\/wp\/v2\/pages\/2185","targetHints":{"allow":["GET"]}}],"collection":[{"href":"https:\/\/www.campingfuente.com\/fr\/wp-json\/wp\/v2\/pages"}],"about":[{"href":"https:\/\/www.campingfuente.com\/fr\/wp-json\/wp\/v2\/types\/page"}],"author":[{"embeddable":true,"href":"https:\/\/www.campingfuente.com\/fr\/wp-json\/wp\/v2\/users\/1"}],"replies":[{"embeddable":true,"href":"https:\/\/www.campingfuente.com\/fr\/wp-json\/wp\/v2\/comments?post=2185"}],"version-history":[{"count":69,"href":"https:\/\/www.campingfuente.com\/fr\/wp-json\/wp\/v2\/pages\/2185\/revisions"}],"predecessor-version":[{"id":3967,"href":"https:\/\/www.campingfuente.com\/fr\/wp-json\/wp\/v2\/pages\/2185\/revisions\/3967"}],"wp:attachment":[{"href":"https:\/\/www.campingfuente.com\/fr\/wp-json\/wp\/v2\/media?parent=2185"}],"curies":[{"name":"wp","href":"https:\/\/api.w.org\/{rel}","templated":true}]}}