{"id":2213,"date":"2022-11-23T14:45:44","date_gmt":"2022-11-23T14:45:44","guid":{"rendered":"https:\/\/www.campingfuente.com\/restaurante\/"},"modified":"2023-01-03T10:39:39","modified_gmt":"2023-01-03T10:39:39","slug":"restaurante","status":"publish","type":"page","link":"https:\/\/www.campingfuente.com\/fr\/restaurante\/","title":{"rendered":"Restaurante"},"content":{"rendered":"\t\t<div data-elementor-type=\"wp-page\" data-elementor-id=\"2213\" class=\"elementor elementor-2213\">\n\t\t\t\t\t\t<section class=\"has_eae_slider has_ae_slider elementor-section elementor-top-section elementor-element elementor-element-vd5t52u elementor-section-content-middle elementor-section-boxed elementor-section-height-default elementor-section-height-default ae-bg-gallery-type-default\" data-eae-slider=\"15084\" data-id=\"vd5t52u\" data-element_type=\"section\" data-settings=\"{&quot;background_background&quot;:&quot;classic&quot;,&quot;shape_divider_bottom&quot;:&quot;waves&quot;}\">\n\t\t\t\t\t\t\t<div class=\"elementor-background-overlay\"><\/div>\n\t\t\t\t\t\t<div class=\"elementor-shape elementor-shape-bottom\" aria-hidden=\"true\" data-negative=\"false\">\n\t\t\t<svg xmlns=\"http:\/\/www.w3.org\/2000\/svg\" viewBox=\"0 0 1000 100\" preserveAspectRatio=\"none\">\n\t<path class=\"elementor-shape-fill\" d=\"M421.9,6.5c22.6-2.5,51.5,0.4,75.5,5.3c23.6,4.9,70.9,23.5,100.5,35.7c75.8,32.2,133.7,44.5,192.6,49.7\n\tc23.6,2.1,48.7,3.5,103.4-2.5c54.7-6,106.2-25.6,106.2-25.6V0H0v30.3c0,0,72,32.6,158.4,30.5c39.2-0.7,92.8-6.7,134-22.4\n\tc21.2-8.1,52.2-18.2,79.7-24.2C399.3,7.9,411.6,7.5,421.9,6.5z\"\/>\n<\/svg>\t\t<\/div>\n\t\t\t\t\t<div class=\"elementor-container elementor-column-gap-no\">\n\t\t\t\t\t<div class=\"has_eae_slider has_ae_slider elementor-column elementor-col-100 elementor-top-column elementor-element elementor-element-f635701 ae-bg-gallery-type-default\" data-eae-slider=\"90545\" data-id=\"f635701\" data-element_type=\"column\">\n\t\t\t<div class=\"elementor-widget-wrap elementor-element-populated\">\n\t\t\t\t\t\t<div class=\"elementor-element elementor-element-af56cfd elementor-widget elementor-widget-heading\" data-id=\"af56cfd\" data-element_type=\"widget\" data-widget_type=\"heading.default\">\n\t\t\t\t<div class=\"elementor-widget-container\">\n\t\t\t\t\t<h1 class=\"elementor-heading-title elementor-size-xxl\">NOTRE RESTAURANT<\/h1>\t\t\t\t<\/div>\n\t\t\t\t<\/div>\n\t\t\t\t\t<\/div>\n\t\t<\/div>\n\t\t\t\t\t<\/div>\n\t\t<\/section>\n\t\t\t\t<section class=\"has_eae_slider has_ae_slider elementor-section elementor-top-section elementor-element elementor-element-lz1hw3v elementor-section-content-top elementor-section-boxed elementor-section-height-default elementor-section-height-default ae-bg-gallery-type-default\" data-eae-slider=\"69988\" data-id=\"lz1hw3v\" data-element_type=\"section\" data-settings=\"{&quot;background_background&quot;:&quot;classic&quot;}\">\n\t\t\t\t\t\t\t<div class=\"elementor-background-overlay\"><\/div>\n\t\t\t\t\t\t\t<div class=\"elementor-container elementor-column-gap-no\">\n\t\t\t\t\t<div class=\"has_eae_slider has_ae_slider elementor-column elementor-col-100 elementor-top-column elementor-element elementor-element-33b1645 ae-bg-gallery-type-default\" data-eae-slider=\"59159\" data-id=\"33b1645\" data-element_type=\"column\">\n\t\t\t<div class=\"elementor-widget-wrap elementor-element-populated\">\n\t\t\t\t\t\t<div class=\"elementor-element elementor-element-2175240 elementor-widget elementor-widget-heading\" data-id=\"2175240\" data-element_type=\"widget\" data-widget_type=\"heading.default\">\n\t\t\t\t<div class=\"elementor-widget-container\">\n\t\t\t\t\t<h2 class=\"elementor-heading-title elementor-size-default\">Information<\/h2>\t\t\t\t<\/div>\n\t\t\t\t<\/div>\n\t\t\t\t<section class=\"has_eae_slider has_ae_slider elementor-section elementor-inner-section elementor-element elementor-element-e88524c elementor-section-boxed elementor-section-height-default elementor-section-height-default ae-bg-gallery-type-default\" data-eae-slider=\"13544\" data-id=\"e88524c\" data-element_type=\"section\">\n\t\t\t\t\t\t<div class=\"elementor-container elementor-column-gap-no\">\n\t\t\t\t\t<div class=\"has_eae_slider has_ae_slider elementor-column elementor-col-100 elementor-inner-column elementor-element elementor-element-4b0a91a ae-bg-gallery-type-default\" data-eae-slider=\"1237\" data-id=\"4b0a91a\" data-element_type=\"column\">\n\t\t\t<div class=\"elementor-widget-wrap elementor-element-populated\">\n\t\t\t\t\t\t<div class=\"elementor-element elementor-element-480bf48 elementor-widget elementor-widget-text-editor\" data-id=\"480bf48\" data-element_type=\"widget\" data-widget_type=\"text-editor.default\">\n\t\t\t\t<div class=\"elementor-widget-container\">\n\t\t\t\t\t\t\t\t\t<p>Dans notre restaurant pour 160 personnes vous pourrez profiter du menu du jour, et d&rsquo;une grande vari\u00e9t\u00e9 de plats. Vous pourrez aussi go\u00fbter une ample vari\u00e9t\u00e9 de plats a la carte dont notre plat principal&nbsp;: Paella de lapin aux escargots.<\/p>\n<p>Vous pourrez aussi profiter du bar, de la caf\u00e9t\u00e9ria et d\u2019une vaste terrasse o\u00f9 nous vous offrirons notre carte de tapas vari\u00e9s.&nbsp;<\/p>\t\t\t\t\t\t\t\t<\/div>\n\t\t\t\t<\/div>\n\t\t\t\t\t<\/div>\n\t\t<\/div>\n\t\t\t\t\t<\/div>\n\t\t<\/section>\n\t\t\t\t\t<\/div>\n\t\t<\/div>\n\t\t\t\t\t<\/div>\n\t\t<\/section>\n\t\t\t\t<section class=\"has_eae_slider has_ae_slider elementor-section elementor-top-section elementor-element elementor-element-432xo0b elementor-section-full_width elementor-section-stretched elementor-section-height-default elementor-section-height-default ae-bg-gallery-type-default\" data-eae-slider=\"34890\" data-id=\"432xo0b\" data-element_type=\"section\" data-settings=\"{&quot;stretch_section&quot;:&quot;section-stretched&quot;}\">\n\t\t\t\t\t\t<div class=\"elementor-container elementor-column-gap-no\">\n\t\t\t\t\t<div class=\"has_eae_slider has_ae_slider elementor-column elementor-col-100 elementor-top-column elementor-element elementor-element-ac0d56f ae-bg-gallery-type-default\" data-eae-slider=\"53122\" data-id=\"ac0d56f\" data-element_type=\"column\">\n\t\t\t<div class=\"elementor-widget-wrap elementor-element-populated\">\n\t\t\t\t\t\t<div class=\"elementor-element elementor-element-70394c7 elementor-widget elementor-widget-image-gallery\" data-id=\"70394c7\" data-element_type=\"widget\" data-widget_type=\"image-gallery.default\">\n\t\t\t\t<div class=\"elementor-widget-container\">\n\t\t\t\t\t\t\t<div class=\"elementor-image-gallery\">\n\t\t\t<div id='gallery-1' class='gallery galleryid-2213 gallery-columns-3 gallery-size-full'><figure class='gallery-item'>\n\t\t\t<div class='gallery-icon landscape'>\n\t\t\t\t<a data-elementor-open-lightbox=\"yes\" data-elementor-lightbox-slideshow=\"70394c7\" data-elementor-lightbox-title=\"ENTRADA-RESTAURANTE\" data-e-action-hash=\"#elementor-action%3Aaction%3Dlightbox%26settings%3DeyJpZCI6Mjc4OCwidXJsIjoiaHR0cHM6XC9cL3d3dy5jYW1waW5nZnVlbnRlLmNvbVwvd3AtY29udGVudFwvdXBsb2Fkc1wvMjAyMlwvMTFcL0VOVFJBREEtUkVTVEFVUkFOVEUtMi5qcGciLCJzbGlkZXNob3ciOiI3MDM5NGM3In0%3D\" href='https:\/\/www.campingfuente.com\/wp-content\/uploads\/2022\/11\/ENTRADA-RESTAURANTE-2.jpg'><img fetchpriority=\"high\" decoding=\"async\" width=\"1600\" height=\"1200\" src=\"https:\/\/www.campingfuente.com\/wp-content\/uploads\/2022\/11\/ENTRADA-RESTAURANTE-2.jpg\" class=\"attachment-full size-full\" alt=\"\" srcset=\"https:\/\/www.campingfuente.com\/wp-content\/uploads\/2022\/11\/ENTRADA-RESTAURANTE-2.jpg 1600w, https:\/\/www.campingfuente.com\/wp-content\/uploads\/2022\/11\/ENTRADA-RESTAURANTE-2-300x225.jpg 300w, https:\/\/www.campingfuente.com\/wp-content\/uploads\/2022\/11\/ENTRADA-RESTAURANTE-2-1024x768.jpg 1024w, https:\/\/www.campingfuente.com\/wp-content\/uploads\/2022\/11\/ENTRADA-RESTAURANTE-2-768x576.jpg 768w, https:\/\/www.campingfuente.com\/wp-content\/uploads\/2022\/11\/ENTRADA-RESTAURANTE-2-1536x1152.jpg 1536w\" sizes=\"(max-width: 1600px) 100vw, 1600px\" \/><\/a>\n\t\t\t<\/div><\/figure><figure class='gallery-item'>\n\t\t\t<div class='gallery-icon landscape'>\n\t\t\t\t<a data-elementor-open-lightbox=\"yes\" data-elementor-lightbox-slideshow=\"70394c7\" data-elementor-lightbox-title=\"Sal\u00f3n Comedor\" data-e-action-hash=\"#elementor-action%3Aaction%3Dlightbox%26settings%3DeyJpZCI6Mjc4NSwidXJsIjoiaHR0cHM6XC9cL3d3dy5jYW1waW5nZnVlbnRlLmNvbVwvd3AtY29udGVudFwvdXBsb2Fkc1wvMjAyMlwvMTFcL1NhbG9uLUNvbWVkb3IuanBnIiwic2xpZGVzaG93IjoiNzAzOTRjNyJ9\" href='https:\/\/www.campingfuente.com\/wp-content\/uploads\/2022\/11\/Salon-Comedor.jpg'><img decoding=\"async\" width=\"1600\" height=\"1200\" src=\"https:\/\/www.campingfuente.com\/wp-content\/uploads\/2022\/11\/Salon-Comedor.jpg\" class=\"attachment-full size-full\" alt=\"\" srcset=\"https:\/\/www.campingfuente.com\/wp-content\/uploads\/2022\/11\/Salon-Comedor.jpg 1600w, https:\/\/www.campingfuente.com\/wp-content\/uploads\/2022\/11\/Salon-Comedor-300x225.jpg 300w, https:\/\/www.campingfuente.com\/wp-content\/uploads\/2022\/11\/Salon-Comedor-1024x768.jpg 1024w, https:\/\/www.campingfuente.com\/wp-content\/uploads\/2022\/11\/Salon-Comedor-768x576.jpg 768w, https:\/\/www.campingfuente.com\/wp-content\/uploads\/2022\/11\/Salon-Comedor-1536x1152.jpg 1536w\" sizes=\"(max-width: 1600px) 100vw, 1600px\" \/><\/a>\n\t\t\t<\/div><\/figure><figure class='gallery-item'>\n\t\t\t<div class='gallery-icon landscape'>\n\t\t\t\t<a data-elementor-open-lightbox=\"yes\" data-elementor-lightbox-slideshow=\"70394c7\" data-elementor-lightbox-title=\"MESA-REDONDA-3\" data-e-action-hash=\"#elementor-action%3Aaction%3Dlightbox%26settings%3DeyJpZCI6Mjc4MywidXJsIjoiaHR0cHM6XC9cL3d3dy5jYW1waW5nZnVlbnRlLmNvbVwvd3AtY29udGVudFwvdXBsb2Fkc1wvMjAyMlwvMTFcL01FU0EtUkVET05EQS0zLTEuanBnIiwic2xpZGVzaG93IjoiNzAzOTRjNyJ9\" href='https:\/\/www.campingfuente.com\/wp-content\/uploads\/2022\/11\/MESA-REDONDA-3-1.jpg'><img decoding=\"async\" width=\"1024\" height=\"768\" src=\"https:\/\/www.campingfuente.com\/wp-content\/uploads\/2022\/11\/MESA-REDONDA-3-1.jpg\" class=\"attachment-full size-full\" alt=\"\" srcset=\"https:\/\/www.campingfuente.com\/wp-content\/uploads\/2022\/11\/MESA-REDONDA-3-1.jpg 1024w, https:\/\/www.campingfuente.com\/wp-content\/uploads\/2022\/11\/MESA-REDONDA-3-1-300x225.jpg 300w, https:\/\/www.campingfuente.com\/wp-content\/uploads\/2022\/11\/MESA-REDONDA-3-1-768x576.jpg 768w\" sizes=\"(max-width: 1024px) 100vw, 1024px\" \/><\/a>\n\t\t\t<\/div><\/figure><figure class='gallery-item'>\n\t\t\t<div class='gallery-icon landscape'>\n\t\t\t\t<a data-elementor-open-lightbox=\"yes\" data-elementor-lightbox-slideshow=\"70394c7\" data-elementor-lightbox-title=\"Sal\u00f3n Comedor 2\" data-e-action-hash=\"#elementor-action%3Aaction%3Dlightbox%26settings%3DeyJpZCI6Mjc4NCwidXJsIjoiaHR0cHM6XC9cL3d3dy5jYW1waW5nZnVlbnRlLmNvbVwvd3AtY29udGVudFwvdXBsb2Fkc1wvMjAyMlwvMTFcL1NhbG9uLUNvbWVkb3ItMi5qcGciLCJzbGlkZXNob3ciOiI3MDM5NGM3In0%3D\" href='https:\/\/www.campingfuente.com\/wp-content\/uploads\/2022\/11\/Salon-Comedor-2.jpg'><img loading=\"lazy\" decoding=\"async\" width=\"1600\" height=\"1200\" src=\"https:\/\/www.campingfuente.com\/wp-content\/uploads\/2022\/11\/Salon-Comedor-2.jpg\" class=\"attachment-full size-full\" alt=\"\" srcset=\"https:\/\/www.campingfuente.com\/wp-content\/uploads\/2022\/11\/Salon-Comedor-2.jpg 1600w, https:\/\/www.campingfuente.com\/wp-content\/uploads\/2022\/11\/Salon-Comedor-2-300x225.jpg 300w, https:\/\/www.campingfuente.com\/wp-content\/uploads\/2022\/11\/Salon-Comedor-2-1024x768.jpg 1024w, https:\/\/www.campingfuente.com\/wp-content\/uploads\/2022\/11\/Salon-Comedor-2-768x576.jpg 768w, https:\/\/www.campingfuente.com\/wp-content\/uploads\/2022\/11\/Salon-Comedor-2-1536x1152.jpg 1536w\" sizes=\"(max-width: 1600px) 100vw, 1600px\" \/><\/a>\n\t\t\t<\/div><\/figure><figure class='gallery-item'>\n\t\t\t<div class='gallery-icon landscape'>\n\t\t\t\t<a data-elementor-open-lightbox=\"yes\" data-elementor-lightbox-slideshow=\"70394c7\" data-elementor-lightbox-title=\"salon-social\" data-e-action-hash=\"#elementor-action%3Aaction%3Dlightbox%26settings%3DeyJpZCI6Mjc4NiwidXJsIjoiaHR0cHM6XC9cL3d3dy5jYW1waW5nZnVlbnRlLmNvbVwvd3AtY29udGVudFwvdXBsb2Fkc1wvMjAyMlwvMTFcL3NhbG9uLXNvY2lhbC0xLmpwZyIsInNsaWRlc2hvdyI6IjcwMzk0YzcifQ%3D%3D\" href='https:\/\/www.campingfuente.com\/wp-content\/uploads\/2022\/11\/salon-social-1.jpg'><img loading=\"lazy\" decoding=\"async\" width=\"1600\" height=\"1200\" src=\"https:\/\/www.campingfuente.com\/wp-content\/uploads\/2022\/11\/salon-social-1.jpg\" class=\"attachment-full size-full\" alt=\"\" srcset=\"https:\/\/www.campingfuente.com\/wp-content\/uploads\/2022\/11\/salon-social-1.jpg 1600w, https:\/\/www.campingfuente.com\/wp-content\/uploads\/2022\/11\/salon-social-1-300x225.jpg 300w, https:\/\/www.campingfuente.com\/wp-content\/uploads\/2022\/11\/salon-social-1-1024x768.jpg 1024w, https:\/\/www.campingfuente.com\/wp-content\/uploads\/2022\/11\/salon-social-1-768x576.jpg 768w, https:\/\/www.campingfuente.com\/wp-content\/uploads\/2022\/11\/salon-social-1-1536x1152.jpg 1536w\" sizes=\"(max-width: 1600px) 100vw, 1600px\" \/><\/a>\n\t\t\t<\/div><\/figure><figure class='gallery-item'>\n\t\t\t<div class='gallery-icon landscape'>\n\t\t\t\t<a data-elementor-open-lightbox=\"yes\" data-elementor-lightbox-slideshow=\"70394c7\" data-elementor-lightbox-title=\"terrazarestaurante\" data-e-action-hash=\"#elementor-action%3Aaction%3Dlightbox%26settings%3DeyJpZCI6Mjc4NywidXJsIjoiaHR0cHM6XC9cL3d3dy5jYW1waW5nZnVlbnRlLmNvbVwvd3AtY29udGVudFwvdXBsb2Fkc1wvMjAyMlwvMTFcL3RlcnJhemFyZXN0YXVyYW50ZS0xLmpwZyIsInNsaWRlc2hvdyI6IjcwMzk0YzcifQ%3D%3D\" href='https:\/\/www.campingfuente.com\/wp-content\/uploads\/2022\/11\/terrazarestaurante-1.jpg'><img loading=\"lazy\" decoding=\"async\" width=\"1600\" height=\"1200\" src=\"https:\/\/www.campingfuente.com\/wp-content\/uploads\/2022\/11\/terrazarestaurante-1.jpg\" class=\"attachment-full size-full\" alt=\"\" srcset=\"https:\/\/www.campingfuente.com\/wp-content\/uploads\/2022\/11\/terrazarestaurante-1.jpg 1600w, https:\/\/www.campingfuente.com\/wp-content\/uploads\/2022\/11\/terrazarestaurante-1-300x225.jpg 300w, https:\/\/www.campingfuente.com\/wp-content\/uploads\/2022\/11\/terrazarestaurante-1-1024x768.jpg 1024w, https:\/\/www.campingfuente.com\/wp-content\/uploads\/2022\/11\/terrazarestaurante-1-768x576.jpg 768w, https:\/\/www.campingfuente.com\/wp-content\/uploads\/2022\/11\/terrazarestaurante-1-1536x1152.jpg 1536w\" sizes=\"(max-width: 1600px) 100vw, 1600px\" \/><\/a>\n\t\t\t<\/div><\/figure>\n\t\t<\/div>\n\t\t<\/div>\n\t\t\t\t\t\t<\/div>\n\t\t\t\t<\/div>\n\t\t\t\t\t<\/div>\n\t\t<\/div>\n\t\t\t\t\t<\/div>\n\t\t<\/section>\n\t\t\t\t<section class=\"has_eae_slider has_ae_slider elementor-section elementor-top-section elementor-element elementor-element-96920aa elementor-section-boxed elementor-section-height-default elementor-section-height-default ae-bg-gallery-type-default\" data-eae-slider=\"80460\" data-id=\"96920aa\" data-element_type=\"section\">\n\t\t\t\t\t\t<div class=\"elementor-container elementor-column-gap-default\">\n\t\t\t\t\t<div class=\"has_eae_slider has_ae_slider elementor-column elementor-col-100 elementor-top-column elementor-element elementor-element-1f5b55f ae-bg-gallery-type-default\" data-eae-slider=\"26379\" data-id=\"1f5b55f\" data-element_type=\"column\">\n\t\t\t<div class=\"elementor-widget-wrap elementor-element-populated\">\n\t\t\t\t\t\t<div class=\"elementor-element elementor-element-b0b73f8 elementor-widget elementor-widget-heading\" data-id=\"b0b73f8\" data-element_type=\"widget\" data-widget_type=\"heading.default\">\n\t\t\t\t<div class=\"elementor-widget-container\">\n\t\t\t\t\t<h3 class=\"elementor-heading-title elementor-size-default\">\u2193\u2193 CONSULTEZ LA CARTE DU RESTAURANT ICI \u2193\u2193<\/h3>\t\t\t\t<\/div>\n\t\t\t\t<\/div>\n\t\t\t\t\t<\/div>\n\t\t<\/div>\n\t\t\t\t\t<\/div>\n\t\t<\/section>\n\t\t\t\t<section class=\"has_eae_slider has_ae_slider elementor-section elementor-top-section elementor-element elementor-element-545df04 elementor-section-boxed elementor-section-height-default elementor-section-height-default ae-bg-gallery-type-default\" data-eae-slider=\"85733\" data-id=\"545df04\" data-element_type=\"section\">\n\t\t\t\t\t\t<div class=\"elementor-container elementor-column-gap-default\">\n\t\t\t\t\t<div class=\"has_eae_slider has_ae_slider elementor-column elementor-col-100 elementor-top-column elementor-element elementor-element-32eab73 ae-bg-gallery-type-default\" data-eae-slider=\"41991\" data-id=\"32eab73\" data-element_type=\"column\">\n\t\t\t<div class=\"elementor-widget-wrap elementor-element-populated\">\n\t\t\t\t\t\t<div class=\"elementor-element elementor-element-0a2db67 elementor-widget elementor-widget-html\" data-id=\"0a2db67\" data-element_type=\"widget\" data-widget_type=\"html.default\">\n\t\t\t\t<div class=\"elementor-widget-container\">\n\t\t\t\t\t<iframe height=\"400\" src=\"https:\/\/menu.pikotea.com\/#\/ahJlfnBpa290ZWEtc2VydmVyLTJyFwsSClJlc3RhdXJhbnQYgICAqcOxmgsM\" width=\"100%\"><\/iframe><\/p>\r\n<p>\t\t\t\t<\/div>\n\t\t\t\t<\/div>\n\t\t\t\t\t<\/div>\n\t\t<\/div>\n\t\t\t\t\t<\/div>\n\t\t<\/section>\n\t\t\t\t<section class=\"has_eae_slider has_ae_slider elementor-section elementor-top-section elementor-element elementor-element-7a393da elementor-section-boxed elementor-section-height-default elementor-section-height-default ae-bg-gallery-type-default\" data-eae-slider=\"96375\" data-id=\"7a393da\" data-element_type=\"section\">\n\t\t\t\t\t\t<div class=\"elementor-container elementor-column-gap-default\">\n\t\t\t\t\t<div class=\"has_eae_slider has_ae_slider elementor-column elementor-col-100 elementor-top-column elementor-element elementor-element-18d269a ae-bg-gallery-type-default\" data-eae-slider=\"56675\" data-id=\"18d269a\" data-element_type=\"column\">\n\t\t\t<div class=\"elementor-widget-wrap elementor-element-populated\">\n\t\t\t\t\t\t<div class=\"elementor-element elementor-element-33338de elementor-widget elementor-widget-text-editor\" data-id=\"33338de\" data-element_type=\"widget\" data-widget_type=\"text-editor.default\">\n\t\t\t\t<div class=\"elementor-widget-container\">\n\t\t\t\t\t\t\t\t\t<p><strong>Vous ne pouvez pas le visualiser correctement? <span style=\"color: #2f1b3e;\"><a style=\"color: #2f1b3e;\" href=\"https:\/\/menu.pikotea.com\/#\/ahJlfnBpa290ZWEtc2VydmVyLTJyFwsSClJlc3RhdXJhbnQYgICAqcOxmgsM\/\/\/\/\">Cliquez ici<\/a><\/span><\/strong><\/p>\t\t\t\t\t\t\t\t<\/div>\n\t\t\t\t<\/div>\n\t\t\t\t\t<\/div>\n\t\t<\/div>\n\t\t\t\t\t<\/div>\n\t\t<\/section>\n\t\t\t\t<\/div>\n\t\t","protected":false},"excerpt":{"rendered":"<p>NOTRE RESTAURANT Information Dans notre restaurant pour 160 personnes vous pourrez profiter du menu du jour, et d&rsquo;une grande vari\u00e9t\u00e9 de plats. Vous pourrez aussi go\u00fbter une ample vari\u00e9t\u00e9 de plats a la carte dont notre plat principal&nbsp;: Paella de lapin aux escargots. Vous pourrez aussi profiter du bar, de la caf\u00e9t\u00e9ria et d\u2019une vaste [&hellip;]<\/p>\n","protected":false},"author":1,"featured_media":0,"parent":0,"menu_order":0,"comment_status":"closed","ping_status":"closed","template":"","meta":{"site-sidebar-layout":"no-sidebar","site-content-layout":"page-builder","ast-site-content-layout":"","site-content-style":"default","site-sidebar-style":"default","ast-global-header-display":"","ast-banner-title-visibility":"","ast-main-header-display":"","ast-hfb-above-header-display":"","ast-hfb-below-header-display":"","ast-hfb-mobile-header-display":"","site-post-title":"disabled","ast-breadcrumbs-content":"","ast-featured-img":"disabled","footer-sml-layout":"","theme-transparent-header-meta":"default","adv-header-id-meta":"","stick-header-meta":"","header-above-stick-meta":"","header-main-stick-meta":"","header-below-stick-meta":"","astra-migrate-meta-layouts":"default","ast-page-background-enabled":"default","ast-page-background-meta":{"desktop":{"background-color":"","background-image":"","background-repeat":"repeat","background-position":"center center","background-size":"auto","background-attachment":"scroll","background-type":"","background-media":"","overlay-type":"","overlay-color":"","overlay-opacity":"","overlay-gradient":""},"tablet":{"background-color":"","background-image":"","background-repeat":"repeat","background-position":"center center","background-size":"auto","background-attachment":"scroll","background-type":"","background-media":"","overlay-type":"","overlay-color":"","overlay-opacity":"","overlay-gradient":""},"mobile":{"background-color":"","background-image":"","background-repeat":"repeat","background-position":"center center","background-size":"auto","background-attachment":"scroll","background-type":"","background-media":"","overlay-type":"","overlay-color":"","overlay-opacity":"","overlay-gradient":""}},"ast-content-background-meta":{"desktop":{"background-color":"var(--ast-global-color-5)","background-image":"","background-repeat":"repeat","background-position":"center center","background-size":"auto","background-attachment":"scroll","background-type":"","background-media":"","overlay-type":"","overlay-color":"","overlay-opacity":"","overlay-gradient":""},"tablet":{"background-color":"var(--ast-global-color-5)","background-image":"","background-repeat":"repeat","background-position":"center center","background-size":"auto","background-attachment":"scroll","background-type":"","background-media":"","overlay-type":"","overlay-color":"","overlay-opacity":"","overlay-gradient":""},"mobile":{"background-color":"var(--ast-global-color-5)","background-image":"","background-repeat":"repeat","background-position":"center center","background-size":"auto","background-attachment":"scroll","background-type":"","background-media":"","overlay-type":"","overlay-color":"","overlay-opacity":"","overlay-gradient":""}},"footnotes":""},"class_list":["post-2213","page","type-page","status-publish","hentry"],"_links":{"self":[{"href":"https:\/\/www.campingfuente.com\/fr\/wp-json\/wp\/v2\/pages\/2213","targetHints":{"allow":["GET"]}}],"collection":[{"href":"https:\/\/www.campingfuente.com\/fr\/wp-json\/wp\/v2\/pages"}],"about":[{"href":"https:\/\/www.campingfuente.com\/fr\/wp-json\/wp\/v2\/types\/page"}],"author":[{"embeddable":true,"href":"https:\/\/www.campingfuente.com\/fr\/wp-json\/wp\/v2\/users\/1"}],"replies":[{"embeddable":true,"href":"https:\/\/www.campingfuente.com\/fr\/wp-json\/wp\/v2\/comments?post=2213"}],"version-history":[{"count":15,"href":"https:\/\/www.campingfuente.com\/fr\/wp-json\/wp\/v2\/pages\/2213\/revisions"}],"predecessor-version":[{"id":3725,"href":"https:\/\/www.campingfuente.com\/fr\/wp-json\/wp\/v2\/pages\/2213\/revisions\/3725"}],"wp:attachment":[{"href":"https:\/\/www.campingfuente.com\/fr\/wp-json\/wp\/v2\/media?parent=2213"}],"curies":[{"name":"wp","href":"https:\/\/api.w.org\/{rel}","templated":true}]}}